{"id":102,"date":"2026-01-19T16:27:39","date_gmt":"2026-01-19T16:27:39","guid":{"rendered":"https:\/\/smarteduhub.org\/coces\/?page_id=102"},"modified":"2026-02-14T01:44:54","modified_gmt":"2026-02-14T01:44:54","slug":"elementor-102","status":"publish","type":"page","link":"https:\/\/smarteduhub.org\/coces\/elementor-102\/","title":{"rendered":"Commitee"},"content":{"rendered":"\t\t<div data-elementor-type=\"wp-page\" data-elementor-id=\"102\" class=\"elementor elementor-102\">\n\t\t\t\t<div class=\"elementor-element elementor-element-5c4c006 e-flex e-con-boxed e-con e-parent\" data-id=\"5c4c006\" data-element_type=\"container\" data-e-type=\"container\">\n\t\t\t\t\t<div class=\"e-con-inner\">\n\t\t<div class=\"elementor-element elementor-element-d6344ed e-con-full e-flex e-con e-child\" data-id=\"d6344ed\" data-element_type=\"container\" data-e-type=\"container\">\n\t\t\t\t<div class=\"elementor-element elementor-element-9480ab2 elementor-widget elementor-widget-heading\" data-id=\"9480ab2\" data-element_type=\"widget\" data-e-type=\"widget\" data-widget_type=\"heading.default\">\n\t\t\t\t\t<h2 class=\"elementor-heading-title elementor-size-default\">Honorary Board<\/h2>\t\t\t\t<\/div>\n\t\t\t\t<\/div>\n\t\t<div class=\"elementor-element elementor-element-6c1ce9c e-con-full e-flex e-con e-child\" data-id=\"6c1ce9c\" data-element_type=\"container\" data-e-type=\"container\">\n\t\t\t\t<div class=\"elementor-element elementor-element-0889d1e elementor-widget elementor-widget-text-editor\" data-id=\"0889d1e\" data-element_type=\"widget\" data-e-type=\"widget\" data-widget_type=\"text-editor.default\">\n\t\t\t\t\t\t\t\t\t<p><b>Prof. Dr. Obidjon Khamidov,\u00a0<\/b>Rector of Bukhara State University, Uzbekistan<b>\u00a0<\/b><\/p><p><b>Prof. Dr. Abror Juraev,\u00a0<\/b>Vice rector for International Affairs of Bukhara State University, Uzbekistan<\/p><p><b>Prof. Dr. Kamoliddin Samiev,\u00a0<\/b>Vice rector for Research and Innovation of Bukhara State University, Uzbekistan<\/p><p><b>Prof. Dr. Tulkin Rasulov,\u00a0<\/b>Head of the Centre of Excellence, Bukhara State University, Uzbekistan<\/p><p><strong>Prof.Dr. Mehmet Gavgal\u0131<\/strong>, Rector of Karamano\u011flu Mehmetbey University, Turkiye<\/p>\t\t\t\t\t\t\t\t<\/div>\n\t\t\t\t<\/div>\n\t\t\t\t\t<\/div>\n\t\t\t\t<\/div>\n\t\t<div class=\"elementor-element elementor-element-72c4cff e-flex e-con-boxed e-con e-parent\" data-id=\"72c4cff\" data-element_type=\"container\" data-e-type=\"container\">\n\t\t\t\t\t<div class=\"e-con-inner\">\n\t\t<div class=\"elementor-element elementor-element-cf3449f e-con-full e-flex e-con e-child\" data-id=\"cf3449f\" data-element_type=\"container\" data-e-type=\"container\">\n\t\t\t\t<div class=\"elementor-element elementor-element-69f66da elementor-widget elementor-widget-heading\" data-id=\"69f66da\" data-element_type=\"widget\" data-e-type=\"widget\" data-widget_type=\"heading.default\">\n\t\t\t\t\t<h2 class=\"elementor-heading-title elementor-size-default\">Conference Commitee<\/h2>\t\t\t\t<\/div>\n\t\t\t\t<\/div>\n\t\t<div class=\"elementor-element elementor-element-9b6f987 e-con-full e-flex e-con e-child\" data-id=\"9b6f987\" data-element_type=\"container\" data-e-type=\"container\">\n\t\t\t\t<div class=\"elementor-element elementor-element-18f00bd elementor-widget elementor-widget-text-editor\" data-id=\"18f00bd\" data-element_type=\"widget\" data-e-type=\"widget\" data-widget_type=\"text-editor.default\">\n\t\t\t\t\t\t\t\t\t<h3>Conference Chair<\/h3><p><strong>Akhmedova Mehrinigor Bahodirovna<\/strong>, Bukhara State University, Uzbekistan<\/p><p><strong>Ali Can<\/strong>, Karamano\u011flu Mehmetbey University, Turkiye<\/p><h3 id=\"wp-block-themeisle-blocks-advanced-heading-62acdafa\" class=\"wp-block-themeisle-blocks-advanced-heading wp-block-themeisle-blocks-advanced-heading-62acdafa\">Committee member:<\/h3><p><strong>Gulina Yusupova<\/strong>, Karamano\u011flu Mehmetbey University, Turkiye<\/p><p><strong>Dilafruz Khodjaeva<\/strong>, Department of English Literature and Translation Studies, Bukhara State University, Uzbekistan<\/p><p><strong>Ataboyev Nozimjon<\/strong>, Bukhara State University, Uzbekistan<\/p><p><strong>Milana Abbasova Yunis<\/strong>, Khazar University, Baku, Azerbaijan<\/p><p><strong>Bendaoud Nadif<\/strong>, Moulay Ismail University, Meknes, Morocco<\/p><p><strong>Rizwan Ahmad<\/strong>, Qatar University, Doha, Qatar<\/p><p><strong>Azlina Abdul Aziz<\/strong>, Universiti Kebangsaan Malaysia, Malaysia<\/p><p><strong>Nur Ainil Sulaiman<\/strong>, Universiti Kebangsaan Malaysia, Malaysia<\/p><p><strong>Maslawati Mohamad<\/strong>, Universiti Kebangsaan Malaysia, Malaysia<\/p><p><strong>Mehmet Cemil \u015eim\u015fek<\/strong>, Karamano\u011flu Mehmetbey University\/Turkiye<\/p><p><strong>\u0130kbal Karata\u015fl\u0131<\/strong>, Karamano\u011flu Mehmetbey University\/Turkiye<\/p><p><strong>Ayfer Gen\u00e7 Y\u0131lmaz<\/strong>, Istanbul Ticaret University, Turkiye.<\/p><p><strong>Zebiniso Kemal<\/strong>, Istanbul Ticaret University, Turkiye.<\/p><p><strong>Kamala Valiyeva<\/strong>, Istanbul Ticaret University, Turkiye.<\/p><p><strong>Bledar Kurti<\/strong>, University \u201cAleksand\u00ebr Moisiu\u201d Durr\u00ebs, Albania.<\/p>\t\t\t\t\t\t\t\t<\/div>\n\t\t\t\t<\/div>\n\t\t\t\t\t<\/div>\n\t\t\t\t<\/div>\n\t\t<div class=\"elementor-element elementor-element-e39475e e-flex e-con-boxed e-con e-parent\" data-id=\"e39475e\" data-element_type=\"container\" data-e-type=\"container\">\n\t\t\t\t\t<div class=\"e-con-inner\">\n\t\t<div class=\"elementor-element elementor-element-a06a045 e-con-full e-flex e-con e-child\" data-id=\"a06a045\" data-element_type=\"container\" data-e-type=\"container\">\n\t\t\t\t<div class=\"elementor-element elementor-element-a8c98fd elementor-widget elementor-widget-heading\" data-id=\"a8c98fd\" data-element_type=\"widget\" data-e-type=\"widget\" data-widget_type=\"heading.default\">\n\t\t\t\t\t<h2 class=\"elementor-heading-title elementor-size-default\">Scientific Commitee<\/h2>\t\t\t\t<\/div>\n\t\t\t\t<\/div>\n\t\t<div class=\"elementor-element elementor-element-7054a0f e-con-full e-flex e-con e-child\" data-id=\"7054a0f\" data-element_type=\"container\" data-e-type=\"container\">\n\t\t\t\t<div class=\"elementor-element elementor-element-9501ba9 elementor-widget elementor-widget-text-editor\" data-id=\"9501ba9\" data-element_type=\"widget\" data-e-type=\"widget\" data-widget_type=\"text-editor.default\">\n\t\t\t\t\t\t\t\t\t<p><strong>Prof. Dr. Ercan Oktay<\/strong>, Head of the Department of Political Science and Public Administration, Faculty of Economics and Administrative Sciences, Karamano\u011flu Mehmetbey University\/Turkiye<\/p>\n<p><strong>Prof. Dr. Sefa Usta<\/strong>, Dean of the Faculty of Economics and Administrative Sciences, Karamano\u011flu Mehmetbey University\/ Turkiye<\/p>\n<p><strong>Prof. Dr. Birol Mercan<\/strong>, Head of Economics Department, Faculty of Political Science, Necmettin Erbakan University\/Turkiye<\/p>\n<p><strong>Prof. Dr. Haluk Duman<\/strong>, Department of Business Administration, Faculty of Economics and Administrative Sciences, Aksaray University\/Turkiye<\/p>\n<p><strong>Prof. Dr. Mustafa Kocao\u011flu<\/strong>, Department of Management Information Systems, Dean of the Faculty of Applied Sciences, Necmettin Erbakan University, Turkiye<\/p>\n<p><strong>Prof.Dr. Cenk Demirk\u0131ran<\/strong>, Head of Visual Communication Design Department, Katip \u00c7elebi University, Turkiye<\/p>\n<p><strong>Prof. Dr. Ahmet Kavas<\/strong>, Dean of the Faculty of Humanities and Social Sciences, Istanbul Ticaret University, Turkiye.<\/p>\n<p><strong>Prof. Dr. Abdulhamit Av\u015far<\/strong>, Head of Departman of Media and Communication, Faculty of Communication, Istanbul Ticaret University, Turkiye.<\/p>\n<p><strong>Prof. Dr. Mehmet Akif Okur<\/strong>, Department of Political Science and International Relations, Faculty of Economics and Administrative Sciences, Y\u0131ld\u0131z Technical University, Turkiye<\/p>\n<p><strong>Prof. Dr. Rahmi Deniz \u00d6zbay<\/strong>, Dean of the Faculty of Business Administration, Istanbul Ticaret University, Turkiye.<\/p>\n<p><strong>Prof. Dr. Din\u00e7er Ko\u00e7<\/strong>, Head of the Department of General Turkish History, Faculty of Literature, Istanbul University, Turkiye.<\/p>\n<p><strong>Prof. Dr. Zeynep \u00c7a\u011fliyan \u0130\u00e7ener<\/strong>, Department of Political Science and International Relations, Faculty of Humanities and Social Sciences, Istanbul Sabahattin Zaim University, Turkiye.<\/p>\n<p><strong>Assos. Prof. U\u011fur Yasin Asal<\/strong>, Head of Department of Political Science and International Relations (English), Faculty of Humanities and Social Sciences, Istanbul Ticaret University, Turkiye.<\/p>\n<p><strong>Assos. Prof. Ayfer Gen\u00e7 Y\u0131lmaz<\/strong>, Head of Department of Political Science and International Relations (Turkish), Faculty of Humanities and Social Sciences, Istanbul Ticaret University, Turkiye.<\/p>\n<p><strong>Assist.Prof. Kamala Valiyeva<\/strong>, Department of Political Science and International Relations, Faculty of Humanities and Social Sciences, Istanbul Ticaret University, Turkiye.<\/p>\n<p><strong>Assist.Prof. Zebiniso Kemal<\/strong>, Department of Political Science and International Relations, Faculty of Humanities and Social Sciences, Istanbul Ticaret University, Turkiye.<\/p>\n<p><b>Asst.Prof. \u015eeyma Ak\u0131n<\/b>, Faculty of Political Sciences, Necmettin Erbakan University, Turkiye.<\/p>\n<p><b>Assist. Prof. Hayriye Ula\u015f Taraf<\/b>,&nbsp;<span style=\"letter-spacing: 0px;\">School of Foreign Languages,&nbsp;<\/span><span style=\"letter-spacing: 0px;\">Necmettin Erbakan University, Turkiye.<\/span><\/p><p><b>Assoc. Prof. Dr. Cemile Do\u011fan<\/b>, English Language Teaching Department,&nbsp;<span style=\"letter-spacing: 0px;\">Faculty of Education,<\/span><span style=\"letter-spacing: 0px;\">&nbsp;<\/span><span style=\"letter-spacing: 0px;\">Necmettin Erbakan University, Turkiye.<\/span><\/p>\t\t\t\t\t\t\t\t<\/div>\n\t\t\t\t<\/div>\n\t\t\t\t\t<\/div>\n\t\t\t\t<\/div>\n\t\t\t\t<\/div>\n\t\t","protected":false},"excerpt":{"rendered":"<p>Honorary Board Prof. Dr. Obidjon Khamidov,\u00a0Rector of Bukhara State University, [&hellip;]<\/p>\n","protected":false},"author":1,"featured_media":0,"parent":0,"menu_order":0,"comment_status":"closed","ping_status":"closed","template":"","meta":{"footnotes":""},"class_list":["post-102","page","type-page","status-publish","hentry"],"_hostinger_reach_plugin_has_subscription_block":false,"_hostinger_reach_plugin_is_elementor":false,"_links":{"self":[{"href":"https:\/\/smarteduhub.org\/coces\/wp-json\/wp\/v2\/pages\/102","targetHints":{"allow":["GET"]}}],"collection":[{"href":"https:\/\/smarteduhub.org\/coces\/wp-json\/wp\/v2\/pages"}],"about":[{"href":"https:\/\/smarteduhub.org\/coces\/wp-json\/wp\/v2\/types\/page"}],"author":[{"embeddable":true,"href":"https:\/\/smarteduhub.org\/coces\/wp-json\/wp\/v2\/users\/1"}],"replies":[{"embeddable":true,"href":"https:\/\/smarteduhub.org\/coces\/wp-json\/wp\/v2\/comments?post=102"}],"version-history":[{"count":17,"href":"https:\/\/smarteduhub.org\/coces\/wp-json\/wp\/v2\/pages\/102\/revisions"}],"predecessor-version":[{"id":229,"href":"https:\/\/smarteduhub.org\/coces\/wp-json\/wp\/v2\/pages\/102\/revisions\/229"}],"wp:attachment":[{"href":"https:\/\/smarteduhub.org\/coces\/wp-json\/wp\/v2\/media?parent=102"}],"curies":[{"name":"wp","href":"https:\/\/api.w.org\/{rel}","templated":true}]}}