{"id":308,"date":"2026-03-07T16:45:43","date_gmt":"2026-03-07T16:45:43","guid":{"rendered":"https:\/\/smarteduhub.org\/coces\/?page_id=308"},"modified":"2026-03-07T17:19:10","modified_gmt":"2026-03-07T17:19:10","slug":"kevser-cinar","status":"publish","type":"page","link":"https:\/\/smarteduhub.org\/coces\/kevser-cinar\/","title":{"rendered":"Kevser \u00c7\u0131nar"},"content":{"rendered":"\t\t<div data-elementor-type=\"wp-page\" data-elementor-id=\"308\" class=\"elementor elementor-308\">\n\t\t\t\t<div class=\"elementor-element elementor-element-cb10e31 e-flex e-con-boxed e-con e-parent\" data-id=\"cb10e31\" data-element_type=\"container\" data-e-type=\"container\">\n\t\t\t\t\t<div class=\"e-con-inner\">\n\t\t<div class=\"elementor-element elementor-element-d7cf489 e-con-full e-flex e-con e-child\" data-id=\"d7cf489\" data-element_type=\"container\" data-e-type=\"container\">\n\t\t<div class=\"elementor-element elementor-element-c6219e6 e-con-full e-flex e-con e-child\" data-id=\"c6219e6\" data-element_type=\"container\" data-e-type=\"container\">\n\t\t\t\t<div class=\"elementor-element elementor-element-7327958 elementor-widget elementor-widget-image\" data-id=\"7327958\" data-element_type=\"widget\" data-e-type=\"widget\" data-widget_type=\"image.default\">\n\t\t\t\t\t\t\t\t\t\t\t\t\t\t\t<img fetchpriority=\"high\" decoding=\"async\" width=\"596\" height=\"596\" src=\"https:\/\/smarteduhub.org\/coces\/wp-content\/uploads\/sites\/2\/2026\/01\/WhatsApp-Image-2026-01-20-at-6.40.00-AM-1.jpeg\" class=\"attachment-full size-full wp-image-172\" alt=\"\" srcset=\"https:\/\/smarteduhub.org\/coces\/wp-content\/uploads\/sites\/2\/2026\/01\/WhatsApp-Image-2026-01-20-at-6.40.00-AM-1.jpeg 596w, https:\/\/smarteduhub.org\/coces\/wp-content\/uploads\/sites\/2\/2026\/01\/WhatsApp-Image-2026-01-20-at-6.40.00-AM-1-300x300.jpeg 300w, https:\/\/smarteduhub.org\/coces\/wp-content\/uploads\/sites\/2\/2026\/01\/WhatsApp-Image-2026-01-20-at-6.40.00-AM-1-150x150.jpeg 150w\" sizes=\"(max-width: 596px) 100vw, 596px\" \/>\t\t\t\t\t\t\t\t\t\t\t\t\t\t\t<\/div>\n\t\t\t\t<\/div>\n\t\t<div class=\"elementor-element elementor-element-7ae7025 e-con-full e-flex e-con e-child\" data-id=\"7ae7025\" data-element_type=\"container\" data-e-type=\"container\">\n\t\t\t\t<div class=\"elementor-element elementor-element-ce634c6 elementor-widget elementor-widget-text-editor\" data-id=\"ce634c6\" data-element_type=\"widget\" data-e-type=\"widget\" data-widget_type=\"text-editor.default\">\n\t\t\t\t\t\t\t\t\t<p><strong>Kevser \u00c7\u0131nar<\/strong>, is an Associate Professor of Tourism Management at Necmettin Erbakan University, T\u00fcrkiye, and she serves as Advisor to the President of the Turkish Academy of Sciences (T\u00dcBA). She has also held editor and co-editor positions at T\u00dcBA-HER (Higher Education) and T\u00dcBA-KED (Cultural Inventory) journals. She is the President of the Euro-Asia Tourism Studies Association (EATSA). With over 20 years of experience in EU-funded projects, she has coordinated and partnered in more than 30\u00a0Projects and published several books, book chapters and articles on tourism innovation, sustainability, digitalization and entrepreneurship. She is also a TEDx speaker and certified\u00a0curriculum developer, and frequently deliver keynotes and speeches at international conferences\u00a0and project events worldwide.<\/p>\t\t\t\t\t\t\t\t<\/div>\n\t\t\t\t<\/div>\n\t\t\t\t<\/div>\n\t\t<div class=\"elementor-element elementor-element-23ebfa4 e-con-full e-flex e-con e-child\" data-id=\"23ebfa4\" data-element_type=\"container\" data-e-type=\"container\">\n\t\t<div class=\"elementor-element elementor-element-0140735 e-con-full e-flex e-con e-child\" data-id=\"0140735\" data-element_type=\"container\" data-e-type=\"container\">\n\t\t\t\t<div class=\"elementor-element elementor-element-1c59037 elementor-widget elementor-widget-heading\" data-id=\"1c59037\" data-element_type=\"widget\" data-e-type=\"widget\" data-widget_type=\"heading.default\">\n\t\t\t\t\t<h2 class=\"elementor-heading-title elementor-size-default\">Engagement as a Bridge to Sustainability: Cultural Storytelling, Environmental Learning, and Responsible Attachment<\/h2>\t\t\t\t<\/div>\n\t\t\t\t<div class=\"elementor-element elementor-element-bdd6822 elementor-widget elementor-widget-text-editor\" data-id=\"bdd6822\" data-element_type=\"widget\" data-e-type=\"widget\" data-widget_type=\"text-editor.default\">\n\t\t\t\t\t\t\t\t\t<p data-path-to-node=\"5\"><strong>Abstract<\/strong><\/p><p data-path-to-node=\"5\">Environmental sustainability is more than just transmitting basic facts. It is a question of how cultural meanings, emotions, and values are experienced and internalized. Drawing on empirical work in a gamified digital storytelling context embedded in cultural heritage tourism conducted in Konya, T\u00fcrkiye, this talk considers engagement as a prominent mechanism connecting cultural storytelling to environmental learning and responsible attachment. The findings reveal that usability and source credibility play a decisive role in fostering user engagement, which in turn significantly influences affective image formation and learning outcomes. Especially, argument quality does not have a direct effect on engagement, and thus emotional immersion and experiential design may be more important than informational or rational language. Such a finding challenges conventional persuasion techniques and aligns with sustainability research, indicating that long-term environmental behavioural orientation arises more from emotional proximity than from mere cognitive training. By emphasizing the emotional and experiential groundwork for engagement, this paper sees cultural storytelling as a potent channel for environmental education. Engagement performs as a connection through which cultural narratives engender place-based attachment, care, and responsibility. Thus, how this approach can guide sustainability-oriented cultural policy, heritage education, and the design of meaningful experiences capable of supporting environmental stewardship under contemporary ecological challenges will be discussed at the end of the paper.<br \/>Keywords: Cultural storytelling, Environmental sustainability, User engagement, Environmental learning, Responsible attachment<\/p>\t\t\t\t\t\t\t\t<\/div>\n\t\t\t\t<\/div>\n\t\t\t\t<\/div>\n\t\t\t\t\t<\/div>\n\t\t\t\t<\/div>\n\t\t\t\t<\/div>\n\t\t","protected":false},"excerpt":{"rendered":"<p>Kevser \u00c7\u0131nar, is an Associate Professor of Tourism Management at [&hellip;]<\/p>\n","protected":false},"author":1,"featured_media":0,"parent":0,"menu_order":0,"comment_status":"closed","ping_status":"closed","template":"","meta":{"footnotes":""},"class_list":["post-308","page","type-page","status-publish","hentry"],"_hostinger_reach_plugin_has_subscription_block":false,"_hostinger_reach_plugin_is_elementor":false,"_links":{"self":[{"href":"https:\/\/smarteduhub.org\/coces\/wp-json\/wp\/v2\/pages\/308","targetHints":{"allow":["GET"]}}],"collection":[{"href":"https:\/\/smarteduhub.org\/coces\/wp-json\/wp\/v2\/pages"}],"about":[{"href":"https:\/\/smarteduhub.org\/coces\/wp-json\/wp\/v2\/types\/page"}],"author":[{"embeddable":true,"href":"https:\/\/smarteduhub.org\/coces\/wp-json\/wp\/v2\/users\/1"}],"replies":[{"embeddable":true,"href":"https:\/\/smarteduhub.org\/coces\/wp-json\/wp\/v2\/comments?post=308"}],"version-history":[{"count":7,"href":"https:\/\/smarteduhub.org\/coces\/wp-json\/wp\/v2\/pages\/308\/revisions"}],"predecessor-version":[{"id":362,"href":"https:\/\/smarteduhub.org\/coces\/wp-json\/wp\/v2\/pages\/308\/revisions\/362"}],"wp:attachment":[{"href":"https:\/\/smarteduhub.org\/coces\/wp-json\/wp\/v2\/media?parent=308"}],"curies":[{"name":"wp","href":"https:\/\/api.w.org\/{rel}","templated":true}]}}