{"id":397,"date":"2026-03-26T12:48:50","date_gmt":"2026-03-26T12:48:50","guid":{"rendered":"https:\/\/smarteduhub.org\/coces\/?page_id=397"},"modified":"2026-03-27T16:31:55","modified_gmt":"2026-03-27T16:31:55","slug":"editors-and-reviewers","status":"publish","type":"page","link":"https:\/\/smarteduhub.org\/coces\/editors-and-reviewers\/","title":{"rendered":"Editors and Reviewers"},"content":{"rendered":"\t\t<div data-elementor-type=\"wp-page\" data-elementor-id=\"397\" class=\"elementor elementor-397\">\n\t\t\t\t<div class=\"elementor-element elementor-element-55b77be e-flex e-con-boxed e-con e-parent\" data-id=\"55b77be\" data-element_type=\"container\" data-e-type=\"container\">\n\t\t\t\t\t<div class=\"e-con-inner\">\n\t\t<div class=\"elementor-element elementor-element-6231dfa e-con-full e-flex e-con e-child\" data-id=\"6231dfa\" data-element_type=\"container\" data-e-type=\"container\">\n\t\t\t\t<div class=\"elementor-element elementor-element-e0d2f9d elementor-widget elementor-widget-heading\" data-id=\"e0d2f9d\" data-element_type=\"widget\" data-e-type=\"widget\" data-widget_type=\"heading.default\">\n\t\t\t\t\t<h2 class=\"elementor-heading-title elementor-size-default\">Editorial Board<\/h2>\t\t\t\t<\/div>\n\t\t\t\t<\/div>\n\t\t<div class=\"elementor-element elementor-element-8df1ae6 e-con-full e-flex e-con e-child\" data-id=\"8df1ae6\" data-element_type=\"container\" data-e-type=\"container\">\n\t\t\t\t<div class=\"elementor-element elementor-element-4f65d54 elementor-widget elementor-widget-text-editor\" data-id=\"4f65d54\" data-element_type=\"widget\" data-e-type=\"widget\" data-widget_type=\"text-editor.default\">\n\t\t\t\t\t\t\t\t\t<p><strong>Jonas Jonas Elbousty, PhD<\/strong> (Yale University, United States of America,\u00a0<strong style=\"letter-spacing: 0px;\"><em>Editor in Chief<\/em><\/strong><span style=\"letter-spacing: 0px;\">)<\/span><\/p><p><strong>Akhmedova Mehrinigor Bahodirovna, PhD<\/strong> (Bukhara State University, Uzbekistan)<\/p><p><strong>Ali Can, PhD<\/strong> (Karamano\u011flu Mehmetbey University, Turkiye)<\/p><p><strong>Azlina Abdul Aziz, PhD<\/strong> (Universiti Kebangsaan Malaysia, Malaysia)<\/p>\t\t\t\t\t\t\t\t<\/div>\n\t\t\t\t<\/div>\n\t\t\t\t\t<\/div>\n\t\t\t\t<\/div>\n\t\t<div class=\"elementor-element elementor-element-88c09c0 e-flex e-con-boxed e-con e-parent\" data-id=\"88c09c0\" data-element_type=\"container\" data-e-type=\"container\">\n\t\t\t\t\t<div class=\"e-con-inner\">\n\t\t<div class=\"elementor-element elementor-element-2eb4b2f e-con-full e-flex e-con e-child\" data-id=\"2eb4b2f\" data-element_type=\"container\" data-e-type=\"container\">\n\t\t\t\t<div class=\"elementor-element elementor-element-5105bd2 elementor-widget elementor-widget-heading\" data-id=\"5105bd2\" data-element_type=\"widget\" data-e-type=\"widget\" data-widget_type=\"heading.default\">\n\t\t\t\t\t<h2 class=\"elementor-heading-title elementor-size-default\">Reviewers<\/h2>\t\t\t\t<\/div>\n\t\t\t\t<\/div>\n\t\t<div class=\"elementor-element elementor-element-145c5c6 e-con-full e-flex e-con e-child\" data-id=\"145c5c6\" data-element_type=\"container\" data-e-type=\"container\">\n\t\t\t\t<div class=\"elementor-element elementor-element-516b532 elementor-widget elementor-widget-text-editor\" data-id=\"516b532\" data-element_type=\"widget\" data-e-type=\"widget\" data-widget_type=\"text-editor.default\">\n\t\t\t\t\t\t\t\t\t<p>Prof. Dr. Hariyanto<br \/>Prof. Dr. Ercan Oktay<br \/>Prof. Dr. Sefa Usta<br \/>Prof. Dr. Birol Mercan<br \/>Prof. Dr. Haluk Duman<br \/>Prof. Dr. Mustafa Kocao\u011flu<br \/>Prof.Dr. Cenk Demirk\u0131ran<br \/>Prof. Dr. Ahmet Kavas<br \/>Prof. Dr. Abdulhamit Av\u015far<br \/>Prof. Dr. Mehmet Akif Okur<br \/>Prof. Dr. Rahmi Deniz \u00d6zbay<br \/>Prof. Dr. Din\u00e7er Ko\u00e7<br \/>Prof. Dr. Zeynep \u00c7a\u011fliyan \u0130\u00e7ener<br \/>Assos. Prof. U\u011fur Yasin Asal<br \/>Assos. Prof. Ayfer Gen\u00e7 Y\u0131lmaz<br \/>Assist.Prof. Kamala Valiyeva<br \/>Assist.Prof. Zebiniso Kemal<br \/>Asst.Prof. \u015eeyma Ak\u0131n<br \/>Assist. Prof. Hayriye Ula\u015f Taraf<br \/>Assoc. Prof. Dr. Cemile Do\u011fan<\/p>\t\t\t\t\t\t\t\t<\/div>\n\t\t\t\t<\/div>\n\t\t\t\t\t<\/div>\n\t\t\t\t<\/div>\n\t\t\t\t<\/div>\n\t\t","protected":false},"excerpt":{"rendered":"<p>Editorial Board Jonas Jonas Elbousty, PhD (Yale University, United States [&hellip;]<\/p>\n","protected":false},"author":1,"featured_media":0,"parent":0,"menu_order":0,"comment_status":"closed","ping_status":"closed","template":"","meta":{"footnotes":""},"class_list":["post-397","page","type-page","status-publish","hentry"],"_hostinger_reach_plugin_has_subscription_block":false,"_hostinger_reach_plugin_is_elementor":false,"_links":{"self":[{"href":"https:\/\/smarteduhub.org\/coces\/wp-json\/wp\/v2\/pages\/397","targetHints":{"allow":["GET"]}}],"collection":[{"href":"https:\/\/smarteduhub.org\/coces\/wp-json\/wp\/v2\/pages"}],"about":[{"href":"https:\/\/smarteduhub.org\/coces\/wp-json\/wp\/v2\/types\/page"}],"author":[{"embeddable":true,"href":"https:\/\/smarteduhub.org\/coces\/wp-json\/wp\/v2\/users\/1"}],"replies":[{"embeddable":true,"href":"https:\/\/smarteduhub.org\/coces\/wp-json\/wp\/v2\/comments?post=397"}],"version-history":[{"count":6,"href":"https:\/\/smarteduhub.org\/coces\/wp-json\/wp\/v2\/pages\/397\/revisions"}],"predecessor-version":[{"id":415,"href":"https:\/\/smarteduhub.org\/coces\/wp-json\/wp\/v2\/pages\/397\/revisions\/415"}],"wp:attachment":[{"href":"https:\/\/smarteduhub.org\/coces\/wp-json\/wp\/v2\/media?parent=397"}],"curies":[{"name":"wp","href":"https:\/\/api.w.org\/{rel}","templated":true}]}}